{"id":495,"date":"2020-03-16T12:00:01","date_gmt":"2020-03-16T11:00:01","guid":{"rendered":"https:\/\/suryamandala.org\/?page_id=495"},"modified":"2020-05-25T19:03:22","modified_gmt":"2020-05-25T17:03:22","slug":"cookie-policy","status":"publish","type":"page","link":"https:\/\/suryamandala.org\/es\/cookie-policy\/","title":{"rendered":"Pol\u00edtica de cookies"},"content":{"rendered":"\n<h3 class=\"wp-block-heading\">Sobre esta pol\u00edtica de cookies<\/h3>\n\n\n\n<p>Esta Pol\u00edtica de cookies explica qu\u00e9 son las cookies y c\u00f3mo las usamos. Debes leer esta pol\u00edtica para comprender qu\u00e9 son las cookies, c\u00f3mo las utilizamos, los tipos de cookies que utilizamos, es decir, la informaci\u00f3n que recopilamos utilizando cookies y c\u00f3mo se utiliza esa informaci\u00f3n y c\u00f3mo controlar las preferencias de cookies. Para obtener m\u00e1s informaci\u00f3n sobre c\u00f3mo usamos, almacenamos y mantenemos seguros tus datos personales, consulta nuestra <a href=\"https:\/\/suryamandala.org\/privacy\/\">Pol\u00edtica de privacidad. <\/a><\/p>\n\n\n\n<p>En cualquier momento puedes cambiar o retirar tu consentimiento de la Declaraci\u00f3n de cookies en nuestro sitio web.<br>Obten m\u00e1s informaci\u00f3n sobre qui\u00e9nes somos, c\u00f3mo puedes contactarnos y c\u00f3mo procesamos los datos personales en nuestra Pol\u00edtica de privacidad.<br>Tu consentimiento se aplica a los siguientes dominios: suryamandala.org<\/p>\n\n\n\n<h3 class=\"wp-block-heading\">\u00bfQu\u00e9 son las cookies?<\/h3>\n\n\n\n<p>Las cookies son peque\u00f1os archivos de texto que se utilizan para almacenar peque\u00f1as piezas de informaci\u00f3n. Las cookies se almacenan en tu dispositivo cuando el sitio web se carga en tu navegador. Estas cookies nos ayudan a hacer que el sitio web funcione correctamente, hacer que el sitio web sea m\u00e1s seguro, proporcionar una mejor experiencia de usuario y comprender c\u00f3mo funciona el sitio web y analizar qu\u00e9 funciona y d\u00f3nde necesita mejorar.<\/p>\n\n\n\n<h3 class=\"wp-block-heading\">C\u00f3mo usamos las cookies ?<\/h3>\n\n\n\n<p>Como la mayor\u00eda de los servicios en l\u00ednea, nuestro sitio web utiliza cookies propias y de terceros para una serie de prop\u00f3sitos. Las cookies de origen son principalmente necesarias para que el sitio web funcione de la manera correcta, y no recopilan ninguno de tus datos de identificaci\u00f3n personal.<\/p>\n\n\n\n<p>Las cookies de terceros utilizadas en nuestros sitios web se utilizan principalmente para comprender c\u00f3mo funciona el sitio web, c\u00f3mo interact\u00faa con nuestro sitio web, mantener nuestros servicios seguros, proporcionarte anuncios que sean relevantes para ti y, en general, proporcionarte una mejor experiencia de usuario y ayuda a acelerar tus futuras interacciones con nuestro sitio web.<br> \u00a0<\/p>\n\n\n\n<h3 class=\"wp-block-heading\">\u00bfC\u00f3mo puedo controlar las preferencias de cookies?<\/h3>\n\n\n\n<p>Si decides cambiar tus preferencias m\u00e1s adelante a trav\u00e9s de tu sesi\u00f3n de navegaci\u00f3n, puedes hacer clic en la pesta\u00f1a &#8220;Pol\u00edtica de privacidad y cookies&#8221; en tu pantalla. Esto mostrar\u00e1 el aviso de consentimiento nuevamente, permiti\u00e9ndote cambiar tus preferencias o retirar tu consentimiento por completo.<\/p>\n\n\n\n<p>Adem\u00e1s de esto, diferentes navegadores proporcionan diferentes m\u00e9todos para bloquear y eliminar las cookies utilizadas por los sitios web. Puedes cambiar la configuraci\u00f3n de tu navegador para bloquear \/ eliminar las cookies. Para obtener m\u00e1s informaci\u00f3n sobre c\u00f3mo administrar y eliminar cookies, visita wikipedia.org, www.allaboutcookies.org.<\/p>\n","protected":false},"excerpt":{"rendered":"<p>Sobre esta pol\u00edtica de cookies Esta Pol\u00edtica de cookies explica qu\u00e9 son las cookies y c\u00f3mo las usamos. Debes leer esta pol\u00edtica para comprender qu\u00e9 son las cookies, c\u00f3mo las utilizamos, los tipos de cookies que utilizamos, es decir, la informaci\u00f3n que recopilamos utilizando cookies y c\u00f3mo se utiliza esa informaci\u00f3n y c\u00f3mo controlar las preferencias de cookies. Para obtener m\u00e1s informaci\u00f3n sobre c\u00f3mo usamos, almacenamos y mantenemos seguros tus datos personales, consulta nuestra Pol\u00edtica de privacidad. En cualquier momento puedes cambiar o retirar tu consentimiento de la Declaraci\u00f3n de cookies en nuestro sitio web.Obten m\u00e1s informaci\u00f3n sobre qui\u00e9nes somos, c\u00f3mo puedes contactarnos y c\u00f3mo procesamos los datos personales en nuestra Pol\u00edtica de privacidad.Tu consentimiento se aplica a los siguientes dominios: suryamandala.org \u00bfQu\u00e9 son las cookies? Las cookies son peque\u00f1os archivos de texto que se utilizan para almacenar peque\u00f1as piezas de informaci\u00f3n. Las cookies se almacenan en tu dispositivo cuando el sitio web se carga en tu navegador. Estas cookies nos ayudan a hacer que el sitio web funcione correctamente, hacer que el sitio web sea m\u00e1s seguro, proporcionar una mejor experiencia de usuario y comprender c\u00f3mo funciona el sitio web y analizar qu\u00e9 funciona y d\u00f3nde necesita mejorar. C\u00f3mo usamos las cookies ? Como la mayor\u00eda de los servicios en l\u00ednea, nuestro sitio web utiliza cookies propias y de terceros para una serie de prop\u00f3sitos. Las cookies de origen son principalmente necesarias para que el sitio web funcione de la manera correcta, y no recopilan ninguno de tus datos de identificaci\u00f3n personal. Las cookies de terceros utilizadas en nuestros sitios web se utilizan principalmente para comprender c\u00f3mo funciona el sitio web, c\u00f3mo interact\u00faa con nuestro sitio web, mantener nuestros servicios seguros, proporcionarte anuncios que sean relevantes para ti y, en general, proporcionarte una mejor experiencia de usuario y ayuda a acelerar tus futuras interacciones con nuestro sitio web. \u00a0 \u00bfC\u00f3mo puedo controlar las preferencias de cookies? Si decides cambiar tus preferencias m\u00e1s adelante a trav\u00e9s de tu sesi\u00f3n de navegaci\u00f3n, puedes hacer clic en la pesta\u00f1a &#8220;Pol\u00edtica de privacidad y cookies&#8221; en tu pantalla. Esto mostrar\u00e1 el aviso de consentimiento nuevamente, permiti\u00e9ndote cambiar tus preferencias o retirar tu consentimiento por completo. Adem\u00e1s de esto, diferentes navegadores proporcionan diferentes m\u00e9todos para bloquear y eliminar las cookies utilizadas por los sitios web. Puedes cambiar la configuraci\u00f3n de tu navegador para bloquear \/ eliminar las cookies. Para obtener m\u00e1s informaci\u00f3n sobre c\u00f3mo administrar y eliminar cookies, visita wikipedia.org, www.allaboutcookies.org.<\/p>\n","protected":false},"author":2,"featured_media":0,"parent":0,"menu_order":0,"comment_status":"closed","ping_status":"closed","template":"","meta":{"_eb_attr":"","footnotes":""},"class_list":["post-495","page","type-page","status-publish","hentry"],"translation":{"provider":"WPGlobus","version":"3.0.2","language":"es","enabled_languages":["en","es"],"languages":{"en":{"title":true,"content":true,"excerpt":false},"es":{"title":true,"content":true,"excerpt":false}}},"_links":{"self":[{"href":"https:\/\/suryamandala.org\/es\/wp-json\/wp\/v2\/pages\/495","targetHints":{"allow":["GET"]}}],"collection":[{"href":"https:\/\/suryamandala.org\/es\/wp-json\/wp\/v2\/pages"}],"about":[{"href":"https:\/\/suryamandala.org\/es\/wp-json\/wp\/v2\/types\/page"}],"author":[{"embeddable":true,"href":"https:\/\/suryamandala.org\/es\/wp-json\/wp\/v2\/users\/2"}],"replies":[{"embeddable":true,"href":"https:\/\/suryamandala.org\/es\/wp-json\/wp\/v2\/comments?post=495"}],"version-history":[{"count":6,"href":"https:\/\/suryamandala.org\/es\/wp-json\/wp\/v2\/pages\/495\/revisions"}],"predecessor-version":[{"id":582,"href":"https:\/\/suryamandala.org\/es\/wp-json\/wp\/v2\/pages\/495\/revisions\/582"}],"wp:attachment":[{"href":"https:\/\/suryamandala.org\/es\/wp-json\/wp\/v2\/media?parent=495"}],"curies":[{"name":"wp","href":"https:\/\/api.w.org\/{rel}","templated":true}]}}