{"id":473,"date":"2020-01-16T19:58:30","date_gmt":"2020-01-16T18:58:30","guid":{"rendered":"http:\/\/suryamandala.org\/?page_id=473"},"modified":"2020-05-25T19:58:16","modified_gmt":"2020-05-25T17:58:16","slug":"terms-and-conditions","status":"publish","type":"page","link":"https:\/\/suryamandala.org\/es\/terms-and-conditions\/","title":{"rendered":"T\u00e9rminos y condiciones"},"content":{"rendered":"\n<h3 class=\"wp-block-heading\"><br>Reservaciones<\/h3>\n\n\n\n<p>Las reservas se realizan mediante el pago del dep\u00f3sito de reserva especificado en nuestras p\u00e1ginas de ofertas de retiro. En el caso de paquetes de retiro adaptados individualmente a tus necesidades, como retiros personales, el dep\u00f3sito requerido se comunicar\u00e1 por correo electr\u00f3nico. Recibir\u00e1s una confirmaci\u00f3n de reserva dentro de las 48 horas posteriores al pago.<\/p>\n\n\n\n<h3 class=\"wp-block-heading\">Pago<\/h3>\n\n\n\n<p>El pago del importe total se debe 30 d\u00edas antes de la fecha de llegada del retiro. Si la reserva se realiza menos de 30 d\u00edas antes de la fecha de llegada, el pago del importe total se debe realizar inmediatamente despu\u00e9s de la reserva.<\/p>\n\n\n\n<p>Los pagos generalmente se realizan por transferencia bancaria; Los detalles de pago se le enviar\u00e1n unos d\u00edas antes de la fecha de vencimiento. Para clientes de pa\u00edses no pertenecientes a la UE, se pueden acordar m\u00e9todos de pago alternativos.<\/p>\n\n\n\n<h3 class=\"wp-block-heading\">Cancelaciones y reembolsos<\/h3>\n\n\n\n<p>Todos los pagos realizados m\u00e1s de 30 d\u00edas antes de la llegada son reembolsables, tanto los dep\u00f3sitos de reserva como los pagos de la cantidad total. Se cobrar\u00e1 una tarifa administrativa de 10 \u20ac por el procesamiento de cualquier reembolso.<\/p>\n\n\n\n<p>No se otorgan reembolsos de ning\u00fan tipo en caso de cancelaciones con menos de 30 d\u00edas antes de la llegada.<\/p>\n\n\n\n<h3 class=\"wp-block-heading\">Membres\u00eda de asociaci\u00f3n<\/h3>\n\n\n\n<p>Tras el pago total de una reserva, adquieres la membres\u00eda para el a\u00f1o calendario actual de la asociaci\u00f3n sin fines de lucro que dirige nuestros retiros, Associaci\u00f3 TierraLuz Vida en Comunidad y Conciencia. La membres\u00eda es obligatoria para todos los hu\u00e9spedes que se alojen en el lugar.<br><\/p>\n","protected":false},"excerpt":{"rendered":"<p>Reservaciones Las reservas se realizan mediante el pago del dep\u00f3sito de reserva especificado en nuestras p\u00e1ginas de ofertas de retiro. En el caso de paquetes de retiro adaptados individualmente a tus necesidades, como retiros personales, el dep\u00f3sito requerido se comunicar\u00e1 por correo electr\u00f3nico. Recibir\u00e1s una confirmaci\u00f3n de reserva dentro de las 48 horas posteriores al pago. Pago El pago del importe total se debe 30 d\u00edas antes de la fecha de llegada del retiro. Si la reserva se realiza menos de 30 d\u00edas antes de la fecha de llegada, el pago del importe total se debe realizar inmediatamente despu\u00e9s de la reserva. Los pagos generalmente se realizan por transferencia bancaria; Los detalles de pago se le enviar\u00e1n unos d\u00edas antes de la fecha de vencimiento. Para clientes de pa\u00edses no pertenecientes a la UE, se pueden acordar m\u00e9todos de pago alternativos. Cancelaciones y reembolsos Todos los pagos realizados m\u00e1s de 30 d\u00edas antes de la llegada son reembolsables, tanto los dep\u00f3sitos de reserva como los pagos de la cantidad total. Se cobrar\u00e1 una tarifa administrativa de 10 \u20ac por el procesamiento de cualquier reembolso. No se otorgan reembolsos de ning\u00fan tipo en caso de cancelaciones con menos de 30 d\u00edas antes de la llegada. Membres\u00eda de asociaci\u00f3n Tras el pago total de una reserva, adquieres la membres\u00eda para el a\u00f1o calendario actual de la asociaci\u00f3n sin fines de lucro que dirige nuestros retiros, Associaci\u00f3 TierraLuz Vida en Comunidad y Conciencia. La membres\u00eda es obligatoria para todos los hu\u00e9spedes que se alojen en el lugar.<\/p>\n","protected":false},"author":2,"featured_media":0,"parent":0,"menu_order":8,"comment_status":"closed","ping_status":"closed","template":"","meta":{"_eb_attr":"","footnotes":""},"class_list":["post-473","page","type-page","status-publish","hentry"],"translation":{"provider":"WPGlobus","version":"3.0.2","language":"es","enabled_languages":["en","es"],"languages":{"en":{"title":true,"content":true,"excerpt":false},"es":{"title":true,"content":true,"excerpt":false}}},"_links":{"self":[{"href":"https:\/\/suryamandala.org\/es\/wp-json\/wp\/v2\/pages\/473","targetHints":{"allow":["GET"]}}],"collection":[{"href":"https:\/\/suryamandala.org\/es\/wp-json\/wp\/v2\/pages"}],"about":[{"href":"https:\/\/suryamandala.org\/es\/wp-json\/wp\/v2\/types\/page"}],"author":[{"embeddable":true,"href":"https:\/\/suryamandala.org\/es\/wp-json\/wp\/v2\/users\/2"}],"replies":[{"embeddable":true,"href":"https:\/\/suryamandala.org\/es\/wp-json\/wp\/v2\/comments?post=473"}],"version-history":[{"count":7,"href":"https:\/\/suryamandala.org\/es\/wp-json\/wp\/v2\/pages\/473\/revisions"}],"predecessor-version":[{"id":590,"href":"https:\/\/suryamandala.org\/es\/wp-json\/wp\/v2\/pages\/473\/revisions\/590"}],"wp:attachment":[{"href":"https:\/\/suryamandala.org\/es\/wp-json\/wp\/v2\/media?parent=473"}],"curies":[{"name":"wp","href":"https:\/\/api.w.org\/{rel}","templated":true}]}}