{"id":430,"date":"2019-12-28T21:54:15","date_gmt":"2019-12-28T20:54:15","guid":{"rendered":"http:\/\/suryamandala.org\/?page_id=430"},"modified":"2020-05-19T18:02:41","modified_gmt":"2020-05-19T16:02:41","slug":"volunteer","status":"publish","type":"page","link":"https:\/\/suryamandala.org\/es\/volunteer\/","title":{"rendered":"Voluntariado"},"content":{"rendered":"\n<h2 class=\"wp-block-heading\">Abre tu coraz\u00f3n a un servicio desinteresado<\/h2>\n\n\n\n<p><\/p>\n\n\n\n<blockquote class=\"wp-block-quote is-layout-flow wp-block-quote-is-layout-flow\"><p>&#8220;El trabajo es amor hecho visible.&#8221;<\/p><p><\/p><cite>(Khalil Gibran)<\/cite><\/blockquote>\n\n\n\n<p>Yoga, en su verdadero significado, no se entiende como algo limitado a una pr\u00e1ctica en la esterilla de yoga. Uno de los caminos m\u00e1s importantes que se considera que conducen a la liberaci\u00f3n es el camino de la acci\u00f3n, o Karma Yoga.<\/p>\n\n\n\n<p>Karma Yoga es el arte de permanecer en un nivel m\u00e1s profundo de conciencia (que quiz\u00e1s ya hayas experimentado durante la pr\u00e1ctica formal de yoga y meditaci\u00f3n) mientras te involucras en una acci\u00f3n externa. Tambi\u00e9n significa el desapego de los frutos de la acci\u00f3n, actuando no para nuestro propio beneficio, sino para el beneficio de los dem\u00e1s.<br> \u00a0<\/p>\n\n\n\n<p>En Suryamandala Yoga, te brindamos la oportunidad de permanecer con nosotros durante un per\u00edodo m\u00e1s prolongado, recibiendo los beneficios de una inmersi\u00f3n m\u00e1s profunda en un estilo de vida y\u00f3guico y aprendiendo a integrar la espiritualidad en las acciones de la vida diaria.<\/p>\n\n\n\n<p>Convertirte en voluntario implica un compromiso de estar disponible para las tareas que aceptas realizar. Este compromiso debe provenir de un sincero deseo de servir, para que el trabajo se pueda hacer con alegr\u00eda, no por obligaci\u00f3n.<\/p>\n\n\n\n<p>Como un Karma Yogui, puedes esperar a trabajar en una o varias \u00e1reas, de acuerdo con tus habilidades, como cocinar, limpiar, jardiner\u00eda, cuidado de ni\u00f1os, mantenimiento del sitio, construcci\u00f3n, conducir un auto, etc. Esperamos que est\u00e9s disponible para el servicio durante aproximadamente 25 horas por semana.<\/p>\n\n\n\n<p>Mientras no deseamos que nuestra relaci\u00f3n se perciba como un &#8220;intercambio de trabajo&#8221;, proporcionamos a nuestros Karma Yogis comida (3 comidas por d\u00eda) y alojamiento (tienda o caravana). Tambi\u00e9n nos encantar\u00eda que participes en las sesiones programadas de yoga y meditaci\u00f3n, siempre que tu horario de trabajo lo permita (generalmente al menos una sesi\u00f3n de yoga y una sesi\u00f3n de meditaci\u00f3n por d\u00eda).<\/p>\n\n\n\n<p>Ten en cuenta que unirte a nosotros como voluntario incluye el compromiso de abstenerte del uso de alcohol, tabaco, cannabis y otras drogas al menos durante la duraci\u00f3n de su estanc\u00eda.<\/p>\n\n\n\n<p>Si esto resuena con tu coraz\u00f3n, <a href=\"http:\/\/suryamandala.org\/ES\/contact\/\">contact us<\/a> para obtener m\u00e1s informaci\u00f3n. \u00a1Esperamos que te unas a nuestra familia!<\/p>\n","protected":false},"excerpt":{"rendered":"<p>Abre tu coraz\u00f3n a un servicio desinteresado &#8220;El trabajo es amor hecho visible.&#8221; (Khalil Gibran) Yoga, en su verdadero significado, no se entiende como algo limitado a una pr\u00e1ctica en la esterilla de yoga. Uno de los caminos m\u00e1s importantes que se considera que conducen a la liberaci\u00f3n es el camino de la acci\u00f3n, o Karma Yoga. Karma Yoga es el arte de permanecer en un nivel m\u00e1s profundo de conciencia (que quiz\u00e1s ya hayas experimentado durante la pr\u00e1ctica formal de yoga y meditaci\u00f3n) mientras te involucras en una acci\u00f3n externa. Tambi\u00e9n significa el desapego de los frutos de la acci\u00f3n, actuando no para nuestro propio beneficio, sino para el beneficio de los dem\u00e1s. \u00a0 En Suryamandala Yoga, te brindamos la oportunidad de permanecer con nosotros durante un per\u00edodo m\u00e1s prolongado, recibiendo los beneficios de una inmersi\u00f3n m\u00e1s profunda en un estilo de vida y\u00f3guico y aprendiendo a integrar la espiritualidad en las acciones de la vida diaria. Convertirte en voluntario implica un compromiso de estar disponible para las tareas que aceptas realizar. Este compromiso debe provenir de un sincero deseo de servir, para que el trabajo se pueda hacer con alegr\u00eda, no por obligaci\u00f3n. Como un Karma Yogui, puedes esperar a trabajar en una o varias \u00e1reas, de acuerdo con tus habilidades, como cocinar, limpiar, jardiner\u00eda, cuidado de ni\u00f1os, mantenimiento del sitio, construcci\u00f3n, conducir un auto, etc. Esperamos que est\u00e9s disponible para el servicio durante aproximadamente 25 horas por semana. Mientras no deseamos que nuestra relaci\u00f3n se perciba como un &#8220;intercambio de trabajo&#8221;, proporcionamos a nuestros Karma Yogis comida (3 comidas por d\u00eda) y alojamiento (tienda o caravana). Tambi\u00e9n nos encantar\u00eda que participes en las sesiones programadas de yoga y meditaci\u00f3n, siempre que tu horario de trabajo lo permita (generalmente al menos una sesi\u00f3n de yoga y una sesi\u00f3n de meditaci\u00f3n por d\u00eda). Ten en cuenta que unirte a nosotros como voluntario incluye el compromiso de abstenerte del uso de alcohol, tabaco, cannabis y otras drogas al menos durante la duraci\u00f3n de su estanc\u00eda. Si esto resuena con tu coraz\u00f3n, contact us para obtener m\u00e1s informaci\u00f3n. \u00a1Esperamos que te unas a nuestra familia!<\/p>\n","protected":false},"author":2,"featured_media":0,"parent":0,"menu_order":6,"comment_status":"closed","ping_status":"closed","template":"","meta":{"_eb_attr":"","footnotes":""},"class_list":["post-430","page","type-page","status-publish","hentry"],"translation":{"provider":"WPGlobus","version":"3.0.2","language":"es","enabled_languages":["en","es"],"languages":{"en":{"title":true,"content":true,"excerpt":false},"es":{"title":true,"content":true,"excerpt":false}}},"_links":{"self":[{"href":"https:\/\/suryamandala.org\/es\/wp-json\/wp\/v2\/pages\/430","targetHints":{"allow":["GET"]}}],"collection":[{"href":"https:\/\/suryamandala.org\/es\/wp-json\/wp\/v2\/pages"}],"about":[{"href":"https:\/\/suryamandala.org\/es\/wp-json\/wp\/v2\/types\/page"}],"author":[{"embeddable":true,"href":"https:\/\/suryamandala.org\/es\/wp-json\/wp\/v2\/users\/2"}],"replies":[{"embeddable":true,"href":"https:\/\/suryamandala.org\/es\/wp-json\/wp\/v2\/comments?post=430"}],"version-history":[{"count":10,"href":"https:\/\/suryamandala.org\/es\/wp-json\/wp\/v2\/pages\/430\/revisions"}],"predecessor-version":[{"id":545,"href":"https:\/\/suryamandala.org\/es\/wp-json\/wp\/v2\/pages\/430\/revisions\/545"}],"wp:attachment":[{"href":"https:\/\/suryamandala.org\/es\/wp-json\/wp\/v2\/media?parent=430"}],"curies":[{"name":"wp","href":"https:\/\/api.w.org\/{rel}","templated":true}]}}